{"id":13,"date":"2026-04-13T22:28:23","date_gmt":"2026-04-13T22:28:23","guid":{"rendered":"https:\/\/airpad.pl\/?page_id=13"},"modified":"2026-04-13T22:40:35","modified_gmt":"2026-04-13T22:40:35","slug":"strona-glowna","status":"publish","type":"page","link":"https:\/\/airpad.pl\/","title":{"rendered":"Strona G\u0142\u00f3wna"},"content":{"rendered":"\n<h2 class=\"wp-block-heading\">Cz\u0119\u015bci do zawieszenia pneumatycznego<\/h2>\n\n\n\n<p>Profesjonalne cz\u0119\u015bci do zawiesze\u0144 pneumatycznych \u2013 miechy, kompresory, zawory i akcesoria. Sprawdzone rozwi\u0105zania i szybka wysy\u0142ka.<\/p>\n\n\n\n<div class=\"wp-block-buttons is-layout-flex wp-block-buttons-is-layout-flex\">\n<div class=\"wp-block-button has-custom-width wp-block-button__width-50\"><a class=\"wp-block-button__link wp-element-button\" href=\"https:\/\/airpad.pl\/?page_id=7\">Przejd\u017a do sklepu<\/a><\/div>\n<\/div>\n\n\n\n<p><\/p>\n","protected":false},"excerpt":{"rendered":"<p>Cz\u0119\u015bci do zawieszenia pneumatycznego Profesjonalne cz\u0119\u015bci do zawiesze\u0144 pneumatycznych \u2013 miechy, kompresory, zawory i akcesoria. Sprawdzone rozwi\u0105zania i szybka wysy\u0142ka.<\/p>\n","protected":false},"author":1,"featured_media":0,"parent":0,"menu_order":0,"comment_status":"closed","ping_status":"closed","template":"","meta":{"_seopress_robots_primary_cat":"","_seopress_titles_title":"","_seopress_titles_desc":"","_seopress_robots_index":"","footnotes":""},"class_list":["post-13","page","type-page","status-publish","hentry"],"blocksy_meta":[],"_links":{"self":[{"href":"https:\/\/airpad.pl\/index.php?rest_route=\/wp\/v2\/pages\/13","targetHints":{"allow":["GET"]}}],"collection":[{"href":"https:\/\/airpad.pl\/index.php?rest_route=\/wp\/v2\/pages"}],"about":[{"href":"https:\/\/airpad.pl\/index.php?rest_route=\/wp\/v2\/types\/page"}],"author":[{"embeddable":true,"href":"https:\/\/airpad.pl\/index.php?rest_route=\/wp\/v2\/users\/1"}],"replies":[{"embeddable":true,"href":"https:\/\/airpad.pl\/index.php?rest_route=%2Fwp%2Fv2%2Fcomments&post=13"}],"version-history":[{"count":2,"href":"https:\/\/airpad.pl\/index.php?rest_route=\/wp\/v2\/pages\/13\/revisions"}],"predecessor-version":[{"id":17,"href":"https:\/\/airpad.pl\/index.php?rest_route=\/wp\/v2\/pages\/13\/revisions\/17"}],"wp:attachment":[{"href":"https:\/\/airpad.pl\/index.php?rest_route=%2Fwp%2Fv2%2Fmedia&parent=13"}],"curies":[{"name":"wp","href":"https:\/\/api.w.org\/{rel}","templated":true}]}}